{"id":12,"date":"2012-11-17T10:36:25","date_gmt":"2012-11-17T09:36:25","guid":{"rendered":"http:\/\/kommentiert.at\/?page_id=12"},"modified":"2012-12-30T01:23:51","modified_gmt":"2012-12-30T00:23:51","slug":"projekte","status":"publish","type":"page","link":"https:\/\/kommentiert.at\/?page_id=12","title":{"rendered":"Projekte"},"content":{"rendered":"<h4>Ein projektreiches Jahrzehnt<\/h4>\n<p>2001 legten Christoph Weiermair und Andreas Lindinger mit Essays 2001 den Grundstein f\u00fcr ein projektreiches Jahrzehnt. Auf das Nachfolgeprojekt 2002.kommentiert folgten mit vote06 und kick08 zwei Blogprojekte, ehe man sich mit 2008.kommentiert im Freien Radio B138 abermals auf ein neues Medienterrain begab, das auch in 2009 und 2010 beschritten wurde.<\/p>\n<p>Auf dieser Seite sollen unsere Projekte vorgestellt und archiviert werden &#8211; f\u00fcr weiterf\u00fchrende Informationen bitte beim jeweiligen Projekt auf &#8222;Mehr Infos&#8220; klicken!<\/p>\n<p>&nbsp;<\/p>\n<h4 style=\"text-align: left;\">2008.kommentiert, 2009.kommentiert und 2010.kommentiert<\/h4>\n<p>In den Jahren 2008 bis 2010 gingen Christoph Weiermair und Andreas Lindinger im Freien Radio B138 auf Sendung und betraten damit nach Print und Online ein weiteres Medienterrain. Drei Sendungen in 2008, vier Sendungen in 2009 und wiederum drei Sendungen in 2010 standen schlussendlich zu Buche. Die Sendungen widmeten sich in unregelm\u00e4\u00dfigen Abst\u00e4nden unterschiedlichsten Themen aus den Bereichen Politik, Wirtschaft, Gesellschaft und Nachhaltigkeit. Die Musik dazu kam vorzugsweise von unserem Musikexperten Christoph Radinger.<\/p>\n<p style=\"text-align: left;\"><strong>&gt;&gt; <a title=\"kommentiert.at\" href=\"http:\/\/kommentiert.at\/?page_id=29\">Mehr Infos<\/a> bzw. <a title=\"kommentiert.at\" href=\"http:\/\/radio.kommentiert.at\" target=\"_blank\">Projektarchiv<\/a><\/strong><\/p>\n<p>&nbsp;<\/p>\n<h4 style=\"text-align: left;\">kick08<\/h4>\n<p style=\"text-align: left;\">Im Jahr 2008 stand in \u00d6sterreich mit der Fu\u00dfball-EM ein Jahrhundertereignis am Programm. Aus diesem Grund rief das Essayistengespann aus fr\u00fcheren Tagen das Projekt kick08, das \u00f6sterreichische Qualit\u00e4tsblog zur UEFA EURO 2008, ins Leben und holte sich hierf\u00fcr Verst\u00e4rkung an Bord. Die selbsternannte &#8222;Neigungsgruppe Kantersieg&#8220;, bestehend aus Andreas Lindinger, Christoph Weiermair, Michael Moser, Brigitte Thei\u00dfl, Michael Matzenberger und Mike Oberbichler, setzte sich jedoch nicht nur mit den sportlichen Aspekten der EM auseinander, sondern warf insbesondere einen differenzierten, kritischen Blick auf politische, wirtschaftliche, gesellschaftliche, kulturelle und andere Facetten dieses Gro\u00dfereignisses.<\/p>\n<p style=\"text-align: left;\"><strong>&gt;&gt; <a title=\"kick08\" href=\"http:\/\/kommentiert.at\/?page_id=21\">Mehr Infos<\/a> bzw. <a title=\"kick08\" href=\"http:\/\/kick08.kommentiert.at\" target=\"_blank\">Projektarchiv<\/a><\/strong><\/p>\n<p>&nbsp;<\/p>\n<h4 style=\"text-align: left;\">vote06<\/h4>\n<p style=\"text-align: left;\">Anl\u00e4sslich der Nationalratswahlen 2006 startete das Essayistengespann aus fr\u00fcheren Tagen, Christoph Weiermair und Andreas Lindinger mit vote06 sein erstes Blogprojekt. Dabei sollte nicht nur das Wetteifern um W\u00e4hlerstimmen dokumentiert, analysiert und kommentiert werden, sondern insbesondere ein differenzierter Blick auf den Wahlkampf abseits der etablierten Medien geworfen werden. Am Ende standen \u00fcber einen Zeitraum von rd. zwei Monate 170 Artikel samt einiger Besonderheiten wie lokaler Wahlkampfeindr\u00fccke und Multimediabeitr\u00e4ge zu Buche.<\/p>\n<p style=\"text-align: left;\"><strong>&gt;&gt; <a title=\"vote06\" href=\"http:\/\/kommentiert.at\/?page_id=24\">Mehr Infos<\/a> bzw. <a title=\"vote06\" href=\"http:\/\/vote06.blogspot.com\" target=\"_blank\">Projektarchiv<\/a><\/strong><\/p>\n<p>&nbsp;<\/p>\n<h4 style=\"text-align: left;\">2002.kommentiert<\/h4>\n<p>Nachdem Christoph Weiermair und Andreas Lindinger ein Jahr zuvor jede Woche zu einem brisanten Thema in Form eines Essays Stellung nahmen, fand &#8222;Essays 2001&#8220; in &#8222;2002.kommentiert&#8220; eine w\u00fcrdige Fortsetzung. Zus\u00e4tzlich zu den bew\u00e4hrten Essays wurde das Angebot um kurze Glossen als stark meinungsbezogene, am\u00fcsante und sprachlich pr\u00e4gnante Elemente erweitert. Neben Politik sollten ab nun auch Gesellschaftskritik, Zeitgeist, Wirtschaft, Medien und Kultur inhaltlich eine bedeutendere Rolle spielen, 2002.kommentiert zu dem werden lassen, was schon der Titel verraten mag &#8211; zu einem Jahresr\u00fcckblick, der nicht nur Fakten vermittelt, sondern kritisch zur Meinungsbildung anregt.<\/p>\n<p style=\"text-align: left;\"><strong>&gt;&gt; <a title=\"2002.kommentiert\" href=\"http:\/\/kommentiert.at\/?page_id=28\">Mehr Infos (inkl. Printausgabe)<\/a><\/strong><\/p>\n<p>&nbsp;<\/p>\n<h4 style=\"text-align: left;\">Essays 2001<\/h4>\n<p>Essays 2001, ein essayistischer Wochenru\u0308ckblick auf das Jahr 2001, war das erste gemeinsame Projekt von Andreas Lindinger und Christoph Weiermair, die im Juni desselben Jahres auch gemeinsam am Gymnasium Schlierbach die Matura abgelegt haben. Die beiden Autoren verfassten jede Woche jeweils abwechselnd einen Essay zu verschiedensten Themen, sei es aus Bereichen wie Politik und Wirtschaft oder aus anderen Bereichen wie Kultur, Sport oder Gesellschaft. Die Essays sollten ein m\u00f6glichst breites Spektrum an verschiedensten Themen beinhalten, um einen breit gef\u00e4cherten und abwechslungsreichen Wochenru\u0308ckblick auf das Jahr 2001 zu bieten.<\/p>\n<p style=\"text-align: left;\"><strong>&gt;&gt; <a title=\"Essays 2001\" href=\"http:\/\/kommentiert.at\/?page_id=27\">Mehr Infos (inkl. Printausgabe)<\/a><\/strong><\/p>\n","protected":false},"excerpt":{"rendered":"<p>Ein projektreiches Jahrzehnt 2001 legten Christoph Weiermair und Andreas Lindinger mit Essays 2001 den Grundstein f\u00fcr ein projektreiches Jahrzehnt. Auf das Nachfolgeprojekt 2002.kommentiert folgten mit vote06 und kick08 zwei Blogprojekte, ehe man sich mit 2008.kommentiert im Freien Radio B138 abermals auf ein neues Medienterrain begab, das auch in 2009 und 2010 beschritten wurde. Auf dieser [&hellip;]<\/p>\n","protected":false},"author":1,"featured_media":0,"parent":0,"menu_order":2,"comment_status":"open","ping_status":"open","template":"","meta":{"footnotes":""},"class_list":["post-12","page","type-page","status-publish","hentry"],"_links":{"self":[{"href":"https:\/\/kommentiert.at\/index.php?rest_route=\/wp\/v2\/pages\/12","targetHints":{"allow":["GET"]}}],"collection":[{"href":"https:\/\/kommentiert.at\/index.php?rest_route=\/wp\/v2\/pages"}],"about":[{"href":"https:\/\/kommentiert.at\/index.php?rest_route=\/wp\/v2\/types\/page"}],"author":[{"embeddable":true,"href":"https:\/\/kommentiert.at\/index.php?rest_route=\/wp\/v2\/users\/1"}],"replies":[{"embeddable":true,"href":"https:\/\/kommentiert.at\/index.php?rest_route=%2Fwp%2Fv2%2Fcomments&post=12"}],"version-history":[{"count":13,"href":"https:\/\/kommentiert.at\/index.php?rest_route=\/wp\/v2\/pages\/12\/revisions"}],"predecessor-version":[{"id":22,"href":"https:\/\/kommentiert.at\/index.php?rest_route=\/wp\/v2\/pages\/12\/revisions\/22"}],"wp:attachment":[{"href":"https:\/\/kommentiert.at\/index.php?rest_route=%2Fwp%2Fv2%2Fmedia&parent=12"}],"curies":[{"name":"wp","href":"https:\/\/api.w.org\/{rel}","templated":true}]}}