{"id":21,"date":"2012-11-17T10:38:25","date_gmt":"2012-11-17T09:38:25","guid":{"rendered":"http:\/\/kommentiert.at\/?page_id=21"},"modified":"2013-05-07T14:31:15","modified_gmt":"2013-05-07T13:31:15","slug":"kick08","status":"publish","type":"page","link":"https:\/\/kommentiert.at\/?page_id=21","title":{"rendered":"kick08"},"content":{"rendered":"<h4>Das Qualit\u00e4tsblog zur Fu\u00dfball-EM<\/h4>\n<p>Im Jahr 2008 stand in \u00d6sterreich mit der Fu\u00dfball-EM, dem drittgr\u00f6\u00dften Sportereignis der Welt, ein Jahrhundertereignis am Programm. Aus diesem Grund rief das Essayistengespann aus fr\u00fcheren Tagen das Projekt kick08, das \u00f6sterreichische Qualit\u00e4tsblog zur UEFA EURO 2008, ins Leben und holte sich hierf\u00fcr Verst\u00e4rkung an Bord. Die selbsternannte &#8222;Neigungsgruppe Kantersieg&#8220; setzte sich aus Andreas Lindinger (LAN), Christoph Weiermair (cdw), Michael Moser (mig), Brigitte Thei\u00dfl (the), Michael Matzenberger (mat) und Mike Oberbichler (OMI) zusammen.<\/p>\n<p>Die sechs fu\u00dfballaffinen BloggerInnen setzten sich jedoch nicht nur mit den sportlichen Aspekten der Europameisterschaft auseinander, sondern warfen insbesondere einen differenzierten, kritischen Blick auf politische, wirtschaftliche, gesellschaftliche, kulturelle und andere Facetten dieses Gro\u00dfereignisses. 327 Artikel, 2.000 Kommentare, mehr als 1.000 BesucherInnen an einzelnen Tagen und viele Specials von Fotoshows und Videobeitr\u00e4gen \u00fcber selbstproduzierte EM-Studios im Radio und Liveblogs bis hin zu Gewinnspielen, EM-Tippspiel und Umfragen sind eine Erfolgsbilanz, die mit Auftritten im Fernsehen (ARTE) und Radio (FM4) sowie zahlreichen Medienberichten unterstrichen wurde.<\/p>\n<p><strong>Zum gesamten Blogarchiv: <a title=\"kick08\" href=\"http:\/\/kick08.kommentiert.at\" target=\"_blank\">http:\/\/kick08.kommentiert.at<\/a><\/strong><\/p>\n<p>&nbsp;<\/p>\n<h4 style=\"text-align: left;\">Zahlen, Fakten, Analysen<\/h4>\n<p>Ein paar Statistiken zu Beginn: 327 Artikel mit insgesamt fast 100.000 W\u00f6rtern und mehr als 2.000 dazugeh\u00f6rigen Comments, 25 Umfragen, 15 Gewinnspielpreise und 12 Fotoshows gab es <a href=\"http:\/\/www.kommentiert.at\/kick08\/?p=4\" target=\"_self\">seit 23. November 2007<\/a> in mehr als sieben Monaten auf kick08. Davon wurden allein 85 Artikel (26,0% der gesamten Artikel) im EM-Monat Juni verfasst. Mehr als 47.000 Besucher besuchten insgesamt unseren EM-Blog, wovon 43,4% der Besucher unsere Seite mit Mozilla Firefox und 43,2% mit Microsoft Internet Explorer ansteuerten. Das Podium in Punkto Herkunftsl\u00e4nder unserer Besucher teilen sich <a href=\"http:\/\/www.kommentiert.at\/kick08\/?p=469\" target=\"_self\">\u00d6sterreich<\/a> mit 64,4%, <a href=\"http:\/\/www.kommentiert.at\/kick08\/?p=589\" target=\"_self\">Deutschland<\/a> mit 27,2% und die <a href=\"http:\/\/www.kommentiert.at\/kick08\/?p=705\" target=\"_self\">Schweiz<\/a> mit 4,0% der Besucher.<\/p>\n<p>Dank unserer ausgezeichneten Pr\u00e4senz bei Google bzw. Google News fanden zahlreiche Besucher \u00fcber die popul\u00e4re Suchmaschine zu uns, insbesondere mit den Top10-Suchbegriffen &#8222;<a href=\"http:\/\/www.kommentiert.at\/kick08\/\" target=\"_self\">kick08<\/a>&#8222;, &#8222;<a href=\"http:\/\/www.kommentiert.at\/kick08\/?p=317\" target=\"_self\">Europeada<\/a>&#8222;, &#8222;<a href=\"http:\/\/www.kommentiert.at\/kick08\/?p=699\" target=\"_self\">EM Tippplan<\/a>&#8222;, &#8222;<a href=\"http:\/\/www.kommentiert.at\/kick08\/?p=699\" target=\"_self\">EM Spielplan zum Ausf\u00fcllen<\/a>&#8222;, &#8222;<a href=\"http:\/\/www.kommentiert.at\/kick08\/\" target=\"_self\">kick 08<\/a>&#8222;, &#8222;<a href=\"http:\/\/www.kommentiert.at\/kick08\/?p=417\" target=\"_self\">Jimmy Hoffer<\/a>&#8222;, &#8222;<a href=\"http:\/\/www.kommentiert.at\/kick08\/?p=971\" target=\"_self\">Deutschland Portugal<\/a>&#8222;, &#8222;<a href=\"http:\/\/www.kommentiert.at\/kick08\/?p=24\" target=\"_self\">Christoph H\u00fcnseler<\/a>&#8220; und &#8222;<a href=\"http:\/\/www.kommentiert.at\/kick08\/?p=699\" target=\"_self\">EM Tipplan<\/a>&#8222;. Ebenfalls unter den zahlreichen Suchbegriffen befinden sich einige Kuriosit\u00e4ten wie &#8222;<a href=\"http:\/\/www.kommentiert.at\/kick08\/?p=175\" target=\"_self\">Lizzy Engstler nackt<\/a>&#8222;, &#8222;<a href=\"http:\/\/www.kommentiert.at\/kick08\/?p=616\" target=\"_self\">Hickersberger beschimpft Burgtheater<\/a>&#8222;, &#8222;<a href=\"http:\/\/www.kommentiert.at\/kick08\/?p=324\" target=\"_self\">Sex &#8211; ein s\u00fc\u00dfer Sport<\/a>&#8222;, &#8222;<a href=\"http:\/\/www.kommentiert.at\/kick08\/?p=294\" target=\"_self\">Friedrich Stickler schwul<\/a>&#8220; oder &#8222;<a href=\"http:\/\/www.kommentiert.at\/kick08\/?p=214\" target=\"_self\">Wer nicht h\u00fcpft der ist ein Piefke<\/a>&#8222;. Insbesondere m\u00f6chten wir uns bei jenen Besuchern, die nach der <a href=\"http:\/\/www.kommentiert.at\/kick08\/?p=628\" target=\"_self\">sexuellen Orientierung<\/a> von Buffon, Cannavaro, Cordoba, Effenberg, Goldberger, Harnik, Iglesias, Ivanschitz, KHG, Kienast, Klagenfurt, Konsel, Krankl, Kuchl, Ljungberg, Linz, Manninger, \u00d6FB, Palfrader, Payer, Plautz, Pr\u00f6dl, Rolfes, Ronaldo, Scharner, Stickler, Stuchlik, Trix+Flix und W\u00fcrstelstand (!) gesucht haben, entschuldigen, dass wir vermutlich keine befriedigende Antwort auf ihre Fragen liefern konnten.<\/p>\n<p>Zur\u00fcck zur Statistik: Im <a href=\"http:\/\/www.kommentiert.at\/kick08\/?p=1023\" target=\"_self\">EM-Monat Juni<\/a> wurde nicht nur der Allzeit-Besucherrekord mit 1.130 Besuchern am <a href=\"http:\/\/www.kommentiert.at\/kick08\/?p=757\" target=\"_self\">9. Juni<\/a>, dem Tag nach dem <a href=\"http:\/\/www.kommentiert.at\/kick08\/?p=713\" target=\"_self\">missgl\u00fcckten ersten EM-Auftritt \u00d6sterreichs<\/a>, erreicht, sondern auch ein t\u00e4glicher Besucherschnitt von 618,3 Besuchern erzielt. Zwischen der Ausstrahlung der verhei\u00dfungsvollen TV-Doku &#8222;Das Wunder von Wien&#8220; am Tag vor <a href=\"http:\/\/www.kommentiert.at\/kick08\/?p=707\" target=\"_self\">EM-Beginn<\/a> und dem Begraben der <a href=\"http:\/\/www.kommentiert.at\/kick08\/?p=927\" target=\"_self\">\u00f6sterreichischen EM-Hoffnungen<\/a> am Tag der <a href=\"http:\/\/www.kommentiert.at\/kick08\/?p=959\" target=\"_self\">Niederlage gegen Deutschland<\/a> betrug der t\u00e4gliche Besucherdurchschnitt sogar 895,2 Besucher. Insgesamt verzeichnete kick08 drei Mal vierstellige Besucherzahlen, n\u00e4mlich am <a href=\"http:\/\/www.kommentiert.at\/kick08\/?p=696\" target=\"_self\">Tag vor dem EM-Auftakt<\/a> (1.074), am <a href=\"http:\/\/www.kommentiert.at\/kick08\/?p=716\" target=\"_self\">Tag nach dem ersten \u00d6sterreich-Spiel<\/a> (1.130) und am <a href=\"http:\/\/www.kommentiert.at\/kick08\/?p=919\" target=\"_self\">Tag des Entscheidungsspiels gegen Deutschland<\/a> (1.093).<\/p>\n<p>&nbsp;<\/p>\n<h4 style=\"text-align: left;\">Hinter den Kulissen von kick08<strong><br \/>\n<\/strong><\/h4>\n<p>Doch nun genug der Zahlen, schlie\u00dflich haben vielmehr die W\u00f6rter den Reiz von kick08 ausgemacht: Mit einem Team aus <a href=\"http:\/\/www.kommentiert.at\/kick08\/?page_id=3\" target=\"_self\">sechs jungen, fu\u00dfballaffinen Menschen<\/a> samt versierter Blog-\/Journalismuserfahrung wollten wir in einem unabh\u00e4ngigen, nichtkommerziellen EM-Blog einen differenzierten Blick auf die Europameisterschaft werfen und neben <a href=\"http:\/\/www.kommentiert.at\/kick08\/?p=642\" target=\"_self\">sportlichen Themen<\/a> insbesondere <a href=\"http:\/\/www.kommentiert.at\/kick08\/?p=648\" target=\"_self\">soziale<\/a>, <a href=\"http:\/\/www.kommentiert.at\/kick08\/?p=624\" target=\"_self\">politische<\/a>, <a href=\"http:\/\/www.kommentiert.at\/kick08\/?p=674\" target=\"_self\">wirtschaftliche<\/a>, <a href=\"http:\/\/www.kommentiert.at\/kick08\/?p=290\" target=\"_self\">kulturelle<\/a> und <a href=\"http:\/\/www.kommentiert.at\/kick08\/?p=98\" target=\"_self\">andere<\/a> Aspekte des Gro\u00dfereignisses aufzeigen.<\/p>\n<p>Dabei hatten <a href=\"http:\/\/www.kommentiert.at\/kick08\/?p=560\" target=\"_self\">Nachhaltigkeitsthemen<\/a> ebenso Platz wie <a href=\"http:\/\/www.kommentiert.at\/kick08\/?p=1005\" target=\"_self\">Genderfragen<\/a>, wurden <a href=\"http:\/\/www.kommentiert.at\/kick08\/?p=553\" target=\"_self\">Sicherheitsbedenken<\/a> genauso behandelt wie <a href=\"http:\/\/www.kommentiert.at\/kick08\/?p=785\" target=\"_self\">Kommerzialisierungstendenzen<\/a> oder kamen <a href=\"http:\/\/www.kommentiert.at\/kick08\/?p=603\" target=\"_self\">Fu\u00dfballproduktionshintergr\u00fcnde<\/a> genauso zur Sprache wie <a href=\"http:\/\/www.kommentiert.at\/kick08\/?p=328\" target=\"_self\">Politikparalellen<\/a>, um beispielhaft nur einige Aspekte unserer <a href=\"http:\/\/www.kommentiert.at\/kick08\/?p=534\" target=\"_self\">nichtallt\u00e4glichen Sportberichterstattung<\/a> zu nennen. Egal ob <a href=\"http:\/\/www.kommentiert.at\/kick08\/?p=992\" target=\"_self\">Kommentare<\/a>, <a href=\"http:\/\/www.kommentiert.at\/kick08\/?p=368\" target=\"_self\">Analysen<\/a>, <a href=\"http:\/\/www.kommentiert.at\/kick08\/?p=501\" target=\"_self\">Satiren<\/a>, <a href=\"http:\/\/www.kommentiert.at\/kick08\/?p=988\" target=\"_self\">Spielberichte<\/a>, <a href=\"http:\/\/www.kommentiert.at\/kick08\/?p=702\" target=\"_self\">Rubriken \u00e0 la &#8222;Wer ganz bestimmt nicht Europameister wird&#8220;<\/a>, <a href=\"http:\/\/www.kommentiert.at\/kick08\/?p=371\" target=\"_self\">Nachbetrachtungen<\/a>, <a href=\"http:\/\/www.kommentiert.at\/kick08\/?p=300\" target=\"_self\">Interviews<\/a>, <a href=\"http:\/\/www.kommentiert.at\/kick08\/?p=640\" target=\"_self\">Liveblogs<\/a>, <a href=\"http:\/\/www.kommentiert.at\/kick08\/?p=307\" target=\"_self\">Videobeitr\u00e4ge<\/a> oder <a href=\"http:\/\/www.kommentiert.at\/kick08\/?p=1013\" target=\"_self\">Fotoshows<\/a> &#8211; kick08 bot ein breites Spektrum an Themen und Textformen, welches durch besondere Specials wie <a href=\"http:\/\/www.kommentiert.at\/kick08\/?p=428\" target=\"_self\">Gewinnspiele<\/a>, <a href=\"http:\/\/www.kommentiert.at\/kick08\/?p=659\" target=\"_self\">Tippspiel<\/a>, <a href=\"http:\/\/www.kommentiert.at\/kick08\/?page_id=432\" target=\"_self\">Spielplan<\/a> oder <a href=\"http:\/\/www.kommentiert.at\/kick08\/?p=578\" target=\"_self\">Umfragen<\/a> erg\u00e4nzt wurde.<\/p>\n<p>Das kontinuierliche Screening von <a href=\"http:\/\/www.kommentiert.at\/kick08\/?p=633\" target=\"_self\">Onlinemedien<\/a>, Lesen von <a href=\"http:\/\/www.kommentiert.at\/kick08\/?p=929\" target=\"_self\">Tageszeitungen<\/a>, Beobachten des <a href=\"http:\/\/www.kommentiert.at\/kick08\/?p=575\" target=\"_self\">Sportgeschehens<\/a>, Besuchen von <a href=\"http:\/\/www.kommentiert.at\/kick08\/?p=566\" target=\"_self\">Podiumsdiskussionen<\/a> u.a. <a href=\"http:\/\/www.kommentiert.at\/kick08\/?p=527\" target=\"_self\">Veranstaltungen<\/a> sowie Verarbeiten von <a href=\"http:\/\/www.kommentiert.at\/kick08\/?p=364\" target=\"_self\">Presseaussendungen<\/a> sorgten f\u00fcr einen st\u00e4ndigen Informationsflow, das Team von kick08 war tagt\u00e4glich auf der Suche nach den <a href=\"http:\/\/www.kommentiert.at\/kick08\/?p=986\" target=\"_self\">interessantesten<\/a>, <a href=\"http:\/\/www.kommentiert.at\/kick08\/?p=601\" target=\"_self\">kuriosesten<\/a> und <a href=\"http:\/\/www.kommentiert.at\/kick08\/?p=616\" target=\"_self\">abwechslungsreichsten<\/a> Themen der Europameisterschaft. Nicht selten war kick08 dabei schneller als zahlreiche traditionelle und neue Medien des Landes, h\u00e4ufig war man zumindest <a href=\"http:\/\/www.kommentiert.at\/kick08\/?p=759\" target=\"_self\">pointierter<\/a>, <a href=\"http:\/\/www.kommentiert.at\/kick08\/?p=997\" target=\"_self\">kritischer<\/a> oder <a href=\"http:\/\/www.kommentiert.at\/kick08\/?p=1005\" target=\"_self\">diversifizierter<\/a> als ebendiese.<\/p>\n<p>Die langj\u00e4hrige Erfahrung der Blogger aus fr\u00fcheren Projekten sicherte dabei eine durchwegs hohe Qualit\u00e4t. Virtuelle Besprechungen gab es beinahe t\u00e4glich, kommuniziert wurde prim\u00e4r \u00fcber mehrere digitale Kommunikationskan\u00e4le von Mobiltelefon \u00fcber E-Mail bis hin zu Skype. Dar\u00fcber hinaus wurden pers\u00f6nliche Treffen und andere gemeinsame Aktivit\u00e4ten zum Gedankenaustausch und Kennenlernen genutzt, weshalb ein fachlich sehr gutes Team auch auf zwischenmenschlicher Ebene sehr gut harmonierte.<\/p>\n<p>&nbsp;<\/p>\n<h4 style=\"text-align: left;\">Internet, Zeitung, Radio, Fernsehen und am Ende die ganze Welt<strong><br \/>\n<\/strong><\/h4>\n<p>Neben dem breiten Angebot hier im Blog war kick08 sowohl auf anderen Websites als auch in anderen Medien pr\u00e4sent. Egal ob <a href=\"http:\/\/www.kommentiert.at\/kick08\/?p=779\" target=\"_self\">(Fu\u00dfball-)Blogs aus Deutschland, \u00d6sterreich und der Schweiz<\/a>, das <a href=\"http:\/\/www.paitsio.com\/euro-2008\/joukkueet\/itaevalta\/ennakko\/\" target=\"_self\">gr\u00f6\u00dfte finnische Fu\u00dfballfanportal<\/a>, ein <a href=\"http:\/\/www.readers-edition.de\/2008\/06\/29\/euro-2008-die-diktatur-der-angepassten\/\" target=\"_self\">deutsches Blogjournal<\/a> oder die <a href=\"http:\/\/www.kommentiert.at\/kick08\/?p=1077\" target=\"_self\">Wahl zum derStandard.at Fanfoto der EM<\/a> &#8211; zahlreiche Onlinemedien wurden in den vergangenen Monaten auf kick08 aufmerksam und griffen unsere Berichterstattung durchwegs positiv auf.<\/p>\n<p>Auch traditionelle Medien wie insbesondere <a href=\"http:\/\/www.rundschau.co.at\/lokales\/artikel\/2008\/04\/17\/kick08-kremstaler-bei-der-euro-am-ball\" target=\"_blank\">Regionalzeitungen<\/a> und <a href=\"http:\/\/www.kommentiert.at\/kick08\/wp-content\/uploads\/2008\/06\/zeitung_linsinger.pdf\" target=\"_blank\">Special Interest Publikationen<\/a> aus dem Dunstkreis der kick08 Blogger berichteten regelm\u00e4\u00dfig \u00fcber unser Qualit\u00e4tsblog zur Fu\u00dfball-EM. Dar\u00fcber hinaus wagten wir mit der Produktion von eigenen <a href=\"http:\/\/www.kommentiert.at\/kick08\/?p=914\" target=\"_self\">Radio B138 EM-Studios<\/a>, der Gestaltung eines <a href=\"http:\/\/www.kommentiert.at\/kick08\/?p=777\" target=\"_self\">FM4 Jugendzimmers<\/a> und dem Mitwirken in einem <a href=\"http:\/\/www.kommentiert.at\/kick08\/?p=644\" target=\"_self\">ARTE-Fernsehbeitrag<\/a> den transmedialen Schritt ins Radio und Fernsehen. Vielen Dank an dieser Stelle nochmals an Martin Obert (Freies Radio B138), Elisabeth Scharang (FM4) und Pierre-Olivier Francois (ARTE) f\u00fcr ihre diesbez\u00fcgliche Unterst\u00fctzung!<\/p>\n<p>Diese mediale Pr\u00e4senz sowie der fast weltweite Besucherzuspruch f\u00fchrte schlussendlich sogar zur nicht ganz ernst gemeinten Prognose namens <a href=\"http:\/\/www.kommentiert.at\/kick08\/?p=981\" target=\"_self\">Twinni-Verschw\u00f6rung<\/a> gem\u00e4\u00df welcher kick08 in Anlehnung an sein Faible f\u00fcr eine bestimmte Eissorte sich die ganze Welt unterwerfen w\u00fcrde. Dies ist jedoch leider bis heute nicht eingetreten, womit die Gefahr einer globalen Diktatur durch die <a href=\"http:\/\/www.kommentiert.at\/kick08\/?p=126\" target=\"_self\">Neigungsgruppe Kantersieg<\/a> leider auf absehbare Zeit gebannt sein d\u00fcrfte und dieses Vorhaben in Zukunft <a href=\"http:\/\/ballverliebt.eu\/\" target=\"_blank\">anderen Fu\u00dfballblogs<\/a> \u00fcberlassen wird.<\/p>\n<p>&nbsp;<\/p>\n<h4 style=\"text-align: left;\">Danke<strong><br \/>\n<\/strong><\/h4>\n<p>Auch an dieser Stelle gilt unser besonderer Dank unseren treuen <a href=\"http:\/\/www.kommentiert.at\/kick08\/?p=919\" target=\"_self\">LeserInnen<\/a> bzw. <a href=\"http:\/\/www.kommentiert.at\/kick08\/?p=414\" target=\"_self\">Zuh\u00f6rerInnen<\/a>, <a href=\"http:\/\/www.kommentiert.at\/kick08\/?p=471#comments\" target=\"_self\">KommentarschreiberInnen<\/a> und <a href=\"http:\/\/www.kommentiert.at\/kick08\/?p=175\" target=\"_self\">GastbeitragverfasserInnen<\/a>. Ohne den regen Besucherzuspruch, die interessanten Diskussionen und die zahlreichen positiven R\u00fcckmeldungen w\u00e4re ein nichtkommerzielles Projekt dieser Gr\u00f6\u00dfenordnung nicht m\u00f6glich gewesen! In diesem Sinne Danke f\u00fcr mehr als sieben Monate treuer Besuche auf unserem Blog!<\/p>\n<p>&nbsp;<\/p>\n<h4>kick08 EM-Studios im Freien Radio B138<\/h4>\n<p>Am 21. M\u00e4rz 2008 nutzte kick08 als Vorreiter unter den Fu\u00dfballblogs dieses Landes erstmals das Medium Radio, um im ersten kick08 EM-Studio auf Radio B138, dem freien Radio aus Kirchdorf\/Krems, live aktuelle Fu\u00dfballthemen zu diskutieren, Einblicke hinter die Kulissen des EM-Blogs zu geben und seinen hoffentlich guten Musikgeschmack zu beweisen. Insgesamt vier Mal ging kick08 auf Sendung, wobei cdw und LAN nicht nur zahlreiche Studiog\u00e4ste begr\u00fc\u00dfen, sondern auch einige Besonderheiten wie den kick08-Song von David Reiterer oder die Hymnenanalyse von Christoph Radinger vorstellen durften.<\/p>\n<p>Alle Sendungen gibt es hier online zum Nachh\u00f6ren: <a title=\"kick08.net EM-Studio #1 - Sendung zum Nachh\u00f6ren!\" href=\"http:\/\/www.kommentiert.at\/kick08\/?p=414\" target=\"_blank\">EM-Studio #1<\/a>, <a title=\"kick08.net EM-Studio #2 - Sendung zum Nachh\u00f6ren!\" href=\"http:\/\/www.kommentiert.at\/kick08\/?p=545\" target=\"_blank\">EM-Studio #2<\/a>, <a title=\"kick08.net EM-Studio #3 - Sendung zum Nachh\u00f6ren!\" href=\"http:\/\/www.kommentiert.at\/kick08\/?p=612\" target=\"_blank\">EM-Studio #3<\/a> und <a title=\"kick08.net EM-Studio #4 - Sendung zum Nachh\u00f6ren!\" href=\"http:\/\/www.kommentiert.at\/kick08\/?p=914\" target=\"_blank\">EM-Studio #4<\/a>.<\/p>\n<p>&nbsp;<\/p>\n<h4>kick08 im FM4 Jugendzimmer<\/h4>\n<p>Unmittelbar vor Anpfiff der EURO 2008 besuchten vier Vertreter von kick08 (LAN, cdw, the, mat) Elisabeth Scharang im FM4 Jugendzimmer und gestalteten eine Sendung zum Thema Europameisterschaft, welche live \u00f6sterreichweit im Radiosender FM4 zu h\u00f6ren war. Dabei konnten wir das gewohnte breite Themenspektrum unseres EM-Blogs beibehalten und in einer Momentaufnahme \u00d6sterreichs zwischen Europhorie und Europhobie unterschiedliche Themen von der sportlichen Erwartungshaltung \u00fcber den zunehmenden EM-Hype (Patriotismus, Kommerzialisierung) bis hin zu weniger pr\u00e4senten Fu\u00dfballaspekten wie Gender- oder Nachhaltigkeitsfragen gemeinsam mit den Anrufern diskutieren.<\/p>\n<p>Das FM4 Jugendzimmer online zum Nachh\u00f6ren: <a title=\"FM4 Jugendzimmer - Sendung zum Nachh\u00f6ren\" href=\"http:\/\/www.kommentiert.at\/kick08\/?p=777\" target=\"_blank\">FM4 Jugendzimmer mit kick08<\/a><\/p>\n<p>&nbsp;<\/p>\n<h4>kick08 auf ARTE<\/h4>\n<p>Vor Beginn der Europameisterschaft stattete der Kultursender ARTE den Gastgeberl\u00e4ndern \u00d6sterreich und der Schweiz einen Besuch ab und <a title=\"Euro 2008: Wer wird Sieger?\" href=\"http:\/\/www.arte.tv\/de\/Euro-2008--Wer-wird-Sieger\/2059502.html\" target=\"_blank\">warf einen Blick auf das &#8222;angek\u00fcndigte Psychodrama&#8220;<\/a>, nachdem \u00f6sterreichische Fu\u00dfballfans ihre Nationalelf zum Teilnahmeverzicht aufgefordert haben. F\u00fcr den Beitrag der Sendung &#8222;Zoom Europa&#8220; trafen sich mit Brigitte Thei\u00dfl (the), Michael Matzenberger (mat) und Andreas Lindinger (LAN) drei Vertreter von kick08 mit ARTE-Reporter Pierre-Olivier Francois aus Paris im Wiener K\u00fcnstlerhaus um im stimmungsvollen Ambiente der Ausstellung \u201cherz:rasen\u201d ein paar Insiderinfos und Anekdoten \u00fcber den \u00f6sterreichischen Fu\u00dfball, seine Mythen und seine Fans kundzutun.<\/p>\n<p>Hier gibt es den Mitschnitt der Sendung:<br \/>\n<iframe loading=\"lazy\" width=\"560\" height=\"315\" src=\"http:\/\/www.youtube.com\/embed\/HMNEKhuv3KM\" frameborder=\"0\" allowfullscreen><\/iframe><\/p>\n<p>&nbsp;<\/p>\n<h4>kick08 Videobeitr\u00e4ge<\/h4>\n<p>Auch drei Videobeitr\u00e4ge wurden von kick08 produziert, n\u00e4mlich von der <a title=\"Vidcast: Gusi und die internationalen Botschafter\" href=\"http:\/\/www.kommentiert.at\/kick08\/?p=307\" target=\"_blank\">Pressekonferenz der internationalen Botschafter<\/a>, der <a title=\"Vidcast: Die 17. \u00d6BB-EURO-Lok\" href=\"http:\/\/www.kommentiert.at\/kick08\/?p=314\" target=\"_blank\">Pr\u00e4sentation der 17. \u00d6BB EURO-Lok<\/a> und <a title=\"Wien wird Cordoba!\" href=\"http:\/\/www.kommentiert.at\/kick08\/?p=919\" target=\"_blank\">unserem, den Geist von Cordoba beschw\u00f6renden Auflaufkind Nadine<\/a>. Gute Unterhaltung!<\/p>\n<p><iframe loading=\"lazy\" src=\"http:\/\/www.youtube.com\/embed\/5NXWRqoYdZA?rel=0\" height=\"270\" width=\"360\" allowfullscreen=\"\" frameborder=\"0\"><\/iframe>\u00a0 <iframe loading=\"lazy\" src=\"http:\/\/www.youtube.com\/embed\/G4moStwdalU?rel=0\" height=\"270\" width=\"360\" allowfullscreen=\"\" frameborder=\"0\"><\/iframe>\u00a0 <iframe loading=\"lazy\" src=\"http:\/\/www.youtube.com\/embed\/01iEt4aZct4?rel=0\" height=\"270\" width=\"360\" allowfullscreen=\"\" frameborder=\"0\"><\/iframe><\/p>\n<p>&nbsp;<\/p>\n<h4>Bildergalerie<\/h4>\n<p>Abschlie\u00dfend noch einige ausgew\u00e4hlte Fotos aus dem Projektarchiv von kick08 (zum Vergr\u00f6\u00dfern anklicken):<\/p>\n\n\t\t<style type=\"text\/css\">\n\t\t\t#gallery-1 {\n\t\t\t\tmargin: auto;\n\t\t\t}\n\t\t\t#gallery-1 .gallery-item {\n\t\t\t\tfloat: left;\n\t\t\t\tmargin-top: 10px;\n\t\t\t\ttext-align: center;\n\t\t\t\twidth: 14%;\n\t\t\t}\n\t\t\t#gallery-1 img {\n\t\t\t\tborder: 2px solid #cfcfcf;\n\t\t\t}\n\t\t\t#gallery-1 .gallery-caption {\n\t\t\t\tmargin-left: 0;\n\t\t\t}\n\t\t\t\/* see gallery_shortcode() in wp-includes\/media.php *\/\n\t\t<\/style>\n\t\t<div id='gallery-1' class='gallery galleryid-21 gallery-columns-7 gallery-size-thumbnail'><dl class='gallery-item'>\n\t\t\t<dt class='gallery-icon landscape'>\n\t\t\t\t<a href='https:\/\/kommentiert.at\/wp-content\/uploads\/2012\/11\/1kick08ende_620.jpg'><img loading=\"lazy\" decoding=\"async\" width=\"150\" height=\"150\" src=\"https:\/\/kommentiert.at\/wp-content\/uploads\/2012\/11\/1kick08ende_620-150x150.jpg\" class=\"attachment-thumbnail size-thumbnail\" alt=\"\" \/><\/a>\n\t\t\t<\/dt><\/dl><dl class='gallery-item'>\n\t\t\t<dt class='gallery-icon landscape'>\n\t\t\t\t<a href='https:\/\/kommentiert.at\/wp-content\/uploads\/2012\/11\/2007-12-22-at-15-28-28.jpg'><img loading=\"lazy\" decoding=\"async\" width=\"150\" height=\"150\" src=\"https:\/\/kommentiert.at\/wp-content\/uploads\/2012\/11\/2007-12-22-at-15-28-28-150x150.jpg\" class=\"attachment-thumbnail size-thumbnail\" alt=\"\" \/><\/a>\n\t\t\t<\/dt><\/dl><dl class='gallery-item'>\n\t\t\t<dt class='gallery-icon landscape'>\n\t\t\t\t<a href='https:\/\/kommentiert.at\/wp-content\/uploads\/2012\/11\/2008-03-21-um-22-15-35.jpg'><img loading=\"lazy\" decoding=\"async\" width=\"150\" height=\"150\" src=\"https:\/\/kommentiert.at\/wp-content\/uploads\/2012\/11\/2008-03-21-um-22-15-35-150x150.jpg\" class=\"attachment-thumbnail size-thumbnail\" alt=\"\" \/><\/a>\n\t\t\t<\/dt><\/dl><dl class='gallery-item'>\n\t\t\t<dt class='gallery-icon landscape'>\n\t\t\t\t<a href='https:\/\/kommentiert.at\/wp-content\/uploads\/2012\/11\/2008-04-18-um-21-12-07.jpg'><img loading=\"lazy\" decoding=\"async\" width=\"150\" height=\"150\" src=\"https:\/\/kommentiert.at\/wp-content\/uploads\/2012\/11\/2008-04-18-um-21-12-07-150x150.jpg\" class=\"attachment-thumbnail size-thumbnail\" alt=\"\" \/><\/a>\n\t\t\t<\/dt><\/dl><dl class='gallery-item'>\n\t\t\t<dt class='gallery-icon landscape'>\n\t\t\t\t<a href='https:\/\/kommentiert.at\/wp-content\/uploads\/2012\/11\/2008-04-18-um-21-12-47.jpg'><img loading=\"lazy\" decoding=\"async\" width=\"150\" height=\"150\" src=\"https:\/\/kommentiert.at\/wp-content\/uploads\/2012\/11\/2008-04-18-um-21-12-47-150x150.jpg\" class=\"attachment-thumbnail size-thumbnail\" alt=\"\" \/><\/a>\n\t\t\t<\/dt><\/dl><dl class='gallery-item'>\n\t\t\t<dt class='gallery-icon landscape'>\n\t\t\t\t<a href='https:\/\/kommentiert.at\/wp-content\/uploads\/2012\/11\/2008-05-09-um-21-19-04.jpg'><img loading=\"lazy\" decoding=\"async\" width=\"150\" height=\"150\" src=\"https:\/\/kommentiert.at\/wp-content\/uploads\/2012\/11\/2008-05-09-um-21-19-04-150x150.jpg\" class=\"attachment-thumbnail size-thumbnail\" alt=\"\" \/><\/a>\n\t\t\t<\/dt><\/dl><dl class='gallery-item'>\n\t\t\t<dt class='gallery-icon landscape'>\n\t\t\t\t<a href='https:\/\/kommentiert.at\/wp-content\/uploads\/2012\/11\/2008-06-06-um-19-21-42.jpg'><img loading=\"lazy\" decoding=\"async\" width=\"150\" height=\"150\" src=\"https:\/\/kommentiert.at\/wp-content\/uploads\/2012\/11\/2008-06-06-um-19-21-42-150x150.jpg\" class=\"attachment-thumbnail size-thumbnail\" alt=\"\" \/><\/a>\n\t\t\t<\/dt><\/dl><br style=\"clear: both\" \/>\n\t\t<\/div>\n\n","protected":false},"excerpt":{"rendered":"<p>Das Qualit\u00e4tsblog zur Fu\u00dfball-EM Im Jahr 2008 stand in \u00d6sterreich mit der Fu\u00dfball-EM, dem drittgr\u00f6\u00dften Sportereignis der Welt, ein Jahrhundertereignis am Programm. Aus diesem Grund rief das Essayistengespann aus fr\u00fcheren Tagen das Projekt kick08, das \u00f6sterreichische Qualit\u00e4tsblog zur UEFA EURO 2008, ins Leben und holte sich hierf\u00fcr Verst\u00e4rkung an Bord. Die selbsternannte &#8222;Neigungsgruppe Kantersieg&#8220; setzte [&hellip;]<\/p>\n","protected":false},"author":1,"featured_media":0,"parent":12,"menu_order":2,"comment_status":"open","ping_status":"open","template":"","meta":{"footnotes":""},"class_list":["post-21","page","type-page","status-publish","hentry"],"_links":{"self":[{"href":"https:\/\/kommentiert.at\/index.php?rest_route=\/wp\/v2\/pages\/21","targetHints":{"allow":["GET"]}}],"collection":[{"href":"https:\/\/kommentiert.at\/index.php?rest_route=\/wp\/v2\/pages"}],"about":[{"href":"https:\/\/kommentiert.at\/index.php?rest_route=\/wp\/v2\/types\/page"}],"author":[{"embeddable":true,"href":"https:\/\/kommentiert.at\/index.php?rest_route=\/wp\/v2\/users\/1"}],"replies":[{"embeddable":true,"href":"https:\/\/kommentiert.at\/index.php?rest_route=%2Fwp%2Fv2%2Fcomments&post=21"}],"version-history":[{"count":20,"href":"https:\/\/kommentiert.at\/index.php?rest_route=\/wp\/v2\/pages\/21\/revisions"}],"predecessor-version":[{"id":46,"href":"https:\/\/kommentiert.at\/index.php?rest_route=\/wp\/v2\/pages\/21\/revisions\/46"}],"up":[{"embeddable":true,"href":"https:\/\/kommentiert.at\/index.php?rest_route=\/wp\/v2\/pages\/12"}],"wp:attachment":[{"href":"https:\/\/kommentiert.at\/index.php?rest_route=%2Fwp%2Fv2%2Fmedia&parent=21"}],"curies":[{"name":"wp","href":"https:\/\/api.w.org\/{rel}","templated":true}]}}