{"id":24,"date":"2012-11-17T10:40:43","date_gmt":"2012-11-17T09:40:43","guid":{"rendered":"http:\/\/kommentiert.at\/?page_id=24"},"modified":"2012-12-29T06:08:07","modified_gmt":"2012-12-29T05:08:07","slug":"vote06","status":"publish","type":"page","link":"https:\/\/kommentiert.at\/?page_id=24","title":{"rendered":"vote06"},"content":{"rendered":"<h4>Der Blog zu den Nationalratswahlen 2006<\/h4>\n<p>Anl\u00e4sslich der Nationalratswahlen 2006 startete das Essayistengespann aus fr\u00fcheren Tagen, Christoph Weiermair (cdw) und Andreas Lindinger (LAN) mit vote06 sein erstes Blogprojekt. Dabei sollte nicht nur das Wetteifern um W\u00e4hlerstimmen dokumentiert, analysiert und kommentiert werden, sondern insbesondere ein differenzierter Blick auf den Wahlkampf abseits der etablierten Medien geworfen werden. Am Ende standen \u00fcber einen Zeitraum von rd. zwei Monate 170 Artikel samt einiger Besonderheiten wie lokaler Wahlkampfeindr\u00fccke und Multimediabeitr\u00e4ge zu Buche.<\/p>\n<p><strong>Zum externen Blogarchiv: <a title=\"vote06\" href=\"http:\/\/vote06.blogspot.com\" target=\"_blank\">http:\/\/vote06.blogspot.com<\/a><\/strong><\/p>\n<p>&nbsp;<\/p>\n<h4>Daten und Fakten<\/h4>\n<p>Am 22. Juli startete vote06 &#8211; 71 Tage und genau 170 Postings sp\u00e4ter hatten wir eine umfassende Chronik des Wahlkampfes, die einen unabh\u00e4ngigen, abwechslungsreichen und differenzierten Blick auf das Wahlgeschehen bietet.<\/p>\n<p>F\u00fcr die Freunde der Statistik: Mehr als 7.000 Besucher haben unseren Blog besucht, was einen t\u00e4glichen Besucherschnitt von mehr als 100 Besuchern ergibt. In den letzten Wahlkampfwochen lag der Besucherandrang sogar bei ca. 150-300 Besuchern pro Tag, und dies noch ganz ohne Facebook, Twitter &amp; Co. zum Mobilisieren. Spitzenreiter war dabei der 6. September, als die vote06-Videoreportagen von den Wahlkampfauftritten von FP\u00d6 und Gr\u00fcnen in Kirchdorf 418 Besucher samt 711 Seitenaufrufen anlockten. Das Video vom Wahlkampfauftritt HC Straches wurde dabei innerhalb eines Monats mehr als 3.500 Mal auf YouTube betrachtet.<\/p>\n<p>87 Beitr\u00e4ge wurden von cdw verfasst, 70 von LAN und 13 von beiden gemeinsam. Im Hinblick auf die Parteienpr\u00e4senz (idR wurden pro Posting ein oder zwei Parteien prim\u00e4r behandelt) wurde mit 37 Postings am \u00f6ftesten \u00fcber die \u00d6VP geschrieben, unmittelbar gefolgt von der zweiten Regierungspartei, dem BZ\u00d6, mit 36 Postings. Es folgen die FP\u00d6 mit 26, die SP\u00d6 mit 22 und die Gr\u00fcnen mit 20 Postings sowie die Liste Martin, die KP\u00d6 und die sonstigen Parteien mit 9, 7 bzw. 2 Postings. Allgemeine Wahlkampfthemen bzw. Postings, bei denen alle Parteien betrachtet wurden, machten insgesamt 45 Postings aus.<\/p>\n<p>Was zeichnete die Besucher von vote06 aus? 90% der Zugriffe kamen aus \u00d6sterreich, auf den Pl\u00e4tzen folgten Deutschland, USA, Gro\u00dfbritannien und Spanien. 45% der \u00f6sterreichischen Zugriffe stammten dabei aus Wien, 18% aus Ober\u00f6sterreich und 12% aus Nieder\u00f6sterreich. Die meisten Besucher kamen direkt auf unsere Seite, die bekanntesten, wesentlichen externen Quellen stellten wahlblogs.at und derStandard.at dar. Hinsichtlich der technischen Daten benutzten 49% der Besucher Mozilla Firefox und 41% Microsoft Internet Explorer als Webbrowser. 91% der Benutzer hatten Windows, 6% Macintosh und 4% Linux als Betriebssystem. 42% der Besucher betrachteten unseren Blog mit einer Bildschirmaufl\u00f6sung von 1024&#215;768 Pixel, 30% mit einer Aufl\u00f6sung von 1280&#215;1024 Pixel.<\/p>\n<p>&nbsp;<\/p>\n<h4>Hinter den Kulissen von vote06<\/h4>\n<p>Was zeichnete vote06 aus? Zwei Studenten, zwei Computer, High-Speed-Internet und viel politisches wie journalistisches Know-How &#8211; das war vote06. Das Lesen von Tageszeitungen, Durchforsten von Internet-Auftritten und Verarbeiten von Presseaussendungen &#8211; cdw und LAN tagt\u00e4glich auf der Suche nach den besten und wichtigsten Stories aus dem Wahlkampf &#8211; auch das war vote06. Recherchiert wurde vorwiegend online &#8211; Agenturen, Internetportale \u00f6sterreichischer und internationaler Medien, Presseaussendungen der Parteien &#8211; nicht selten war vote06 schneller als die Tageszeitungen und sogar andere Onlinemedien des Landes.<\/p>\n<p>Virtuelle Redaktionskonferenzen gab es jeden Tag &#8211; \u00fcber Mobiltelefon. Dort wurde der letzte Stand der Dinge behandelt, wurden Termine koordiniert und Beitr\u00e4ge besprochen. Dar\u00fcber hinaus gab es in unregelm\u00e4\u00dfigen Abst\u00e4nden Redaktionstreffen im Kirchdorfer Caf\u00e9 Sturmberger, dessen Butterkipferl wir an dieser Stelle besonders loben m\u00f6chten. Was viele noch nicht wussten: cdw und LAN sind ein eingespieltes Team &#8211; langj\u00e4hrige Erfahrung aus fr\u00fcheren gemeinsamen Projekten sicherte somit h\u00f6chste Qualit\u00e4t und machte die beiden zum wahrscheinlich schnellsten Blog-Duo \u00d6sterreichs.<\/p>\n<p>Neben einer F\u00fclle an aktuellen Meldungen, originellen Beitr\u00e4gen und kritischen Kommentaren bildeten regelm\u00e4\u00dfige Analysen der TV-Sommergespr\u00e4che, TV-Duelle und anderer Interviews bzw. Konfrontationen in TV und Radio sowie Print- und Onlinemedien einen topaktuellen und wichtigen Inhalt von vote06. Umfangreiche Analysen aller Wahlprogramme, spezielle Serien wie bilder06 oder videos06 sowie zahlreiche Lokalbeitr\u00e4ge aus dem Kremstal wurden exklusiv hier gebracht. Dass nicht nur unsere Besucher dieses breite Angebot sch\u00e4tzten sondern auch Vertreter aus Politik und Medien bewiesen die Presseartikel \u00fcber unser Projekt samt Ausz\u00fcgen unserer Analysen und Kommentare in der Tageszeitung Die Presse, im Regionalmagazin TIPS sowie auf \u00d6sterreichs bestem Onlinemedium derStandard.at.<\/p>\n<p>&nbsp;<\/p>\n<h4>Danke<\/h4>\n<p>Auch an dieser Stelle m\u00f6chten wir die Gelegenheit n\u00fctzen, uns bei unseren zahlreichen Besuchern zu bedanken, insbesondere jenen, die durch ihre Kommentare und G\u00e4stebucheintr\u00e4ge zu Interaktionen und Meinungsaustausch angeregt sowie wertvolles Feedback geliefert haben. Ohne diesem gro\u00dfen Besucherzuspruch, dem in so kurzer Zeit beachtlich gewachsenenStammpublikum unseres Blogs und den zahlreichen positiven R\u00fcckmeldungen w\u00e4re ein solches Projekt in diesem Ausma\u00df in so kurzer Zeit sicherlich nicht m\u00f6glich gewesen. In diesem Sinne verbleiben wir mit einem abschlie\u00dfenden &#8218;Dankesch\u00f6n&#8216; f\u00fcr knapp zweieinhalb gemeinsame aufregende Wahlkampf-Monate auf vote06!<\/p>\n<p>&nbsp;<\/p>\n<h4>vote06 Videobeitr\u00e4ge<\/h4>\n<p>Im Zuge zweier Wahlkampfbesuche von HC Strache und Peter Pilz in unserer Bezirkshauptstadt Kirchdorf hat vote06 zwei Videos erstellt:<\/p>\n<p><iframe loading=\"lazy\" src=\"http:\/\/www.youtube.com\/embed\/EAumYeBCq0E?rel=0\" height=\"315\" width=\"420\" allowfullscreen=\"\" frameborder=\"0\"><\/iframe>\u00a0 <iframe loading=\"lazy\" src=\"http:\/\/www.youtube.com\/embed\/S0XqKYa9_bY?rel=0\" height=\"315\" width=\"420\" allowfullscreen=\"\" frameborder=\"0\"><\/iframe><\/p>\n","protected":false},"excerpt":{"rendered":"<p>Der Blog zu den Nationalratswahlen 2006 Anl\u00e4sslich der Nationalratswahlen 2006 startete das Essayistengespann aus fr\u00fcheren Tagen, Christoph Weiermair (cdw) und Andreas Lindinger (LAN) mit vote06 sein erstes Blogprojekt. Dabei sollte nicht nur das Wetteifern um W\u00e4hlerstimmen dokumentiert, analysiert und kommentiert werden, sondern insbesondere ein differenzierter Blick auf den Wahlkampf abseits der etablierten Medien geworfen werden. [&hellip;]<\/p>\n","protected":false},"author":1,"featured_media":0,"parent":12,"menu_order":3,"comment_status":"open","ping_status":"open","template":"","meta":{"footnotes":""},"class_list":["post-24","page","type-page","status-publish","hentry"],"_links":{"self":[{"href":"https:\/\/kommentiert.at\/index.php?rest_route=\/wp\/v2\/pages\/24","targetHints":{"allow":["GET"]}}],"collection":[{"href":"https:\/\/kommentiert.at\/index.php?rest_route=\/wp\/v2\/pages"}],"about":[{"href":"https:\/\/kommentiert.at\/index.php?rest_route=\/wp\/v2\/types\/page"}],"author":[{"embeddable":true,"href":"https:\/\/kommentiert.at\/index.php?rest_route=\/wp\/v2\/users\/1"}],"replies":[{"embeddable":true,"href":"https:\/\/kommentiert.at\/index.php?rest_route=%2Fwp%2Fv2%2Fcomments&post=24"}],"version-history":[{"count":10,"href":"https:\/\/kommentiert.at\/index.php?rest_route=\/wp\/v2\/pages\/24\/revisions"}],"predecessor-version":[{"id":47,"href":"https:\/\/kommentiert.at\/index.php?rest_route=\/wp\/v2\/pages\/24\/revisions\/47"}],"up":[{"embeddable":true,"href":"https:\/\/kommentiert.at\/index.php?rest_route=\/wp\/v2\/pages\/12"}],"wp:attachment":[{"href":"https:\/\/kommentiert.at\/index.php?rest_route=%2Fwp%2Fv2%2Fmedia&parent=24"}],"curies":[{"name":"wp","href":"https:\/\/api.w.org\/{rel}","templated":true}]}}